{"id":3,"date":"2019-03-28T12:29:33","date_gmt":"2019-03-28T12:29:33","guid":{"rendered":"https:\/\/dartedesign.online\/eng\/?page_id=3"},"modified":"2022-11-11T17:38:59","modified_gmt":"2022-11-11T15:38:59","slug":"politica-de-privacidade","status":"publish","type":"page","link":"https:\/\/dartedesign.online\/eng\/politica-de-privacidade\/","title":{"rendered":"POL\u00edTICA DE PRIVACIDADE"},"content":{"rendered":"\t\t<div data-elementor-type=\"wp-page\" data-elementor-id=\"3\" class=\"elementor elementor-3\" data-elementor-post-type=\"page\">\n\t\t\t\t\t\t<section class=\"elementor-section elementor-top-section elementor-element elementor-element-0566a29 elementor-section-boxed elementor-section-height-default elementor-section-height-default wpr-particle-no wpr-jarallax-no wpr-parallax-no wpr-sticky-section-no\" data-id=\"0566a29\" data-element_type=\"section\">\n\t\t\t\t\t\t<div class=\"elementor-container elementor-column-gap-default\">\n\t\t\t\t\t<div class=\"elementor-column elementor-col-100 elementor-top-column elementor-element elementor-element-7c2c956\" data-id=\"7c2c956\" data-element_type=\"column\">\n\t\t\t<div class=\"elementor-widget-wrap elementor-element-populated\">\n\t\t\t\t\t\t<div class=\"elementor-element elementor-element-6d4032b elementor-widget elementor-widget-text-editor\" data-id=\"6d4032b\" data-element_type=\"widget\" data-widget_type=\"text-editor.default\">\n\t\t\t\t<div class=\"elementor-widget-container\">\n\t\t\t\t\t\t\t\t\t<strong>Como protegemos os seus dados pessoais?<\/strong>\n<p style=\"text-align: justify;\">Aplicamos v\u00e1rias medidas de seguran\u00e7a da informa\u00e7\u00e3o para proteger online e offline a seguran\u00e7a das suas informa\u00e7\u00f5es pessoais. Deve ter em aten\u00e7\u00e3o que as suas informa\u00e7\u00f5es pessoais s\u00e3o recolhidas numa rede p\u00fablica e, consequentemente, podem ser vistas e utilizadas por terceiros n\u00e3o autorizados. O site www.dartedesign.online assegura que a sua informa\u00e7\u00e3o est\u00e1 segura utilizando as mais avan\u00e7adas t\u00e9cnicas de controlo e acesso ao servidor. Se houver informa\u00e7\u00e3o muito sens\u00edvel como por exemplo o n\u00famero de um cart\u00e3o de cr\u00e9dito, esse s\u00f3 deve ser usado com um servidor seguro usando o protocolo Secure Socket Layer (SSL), nunca de outra forma.<\/p>\n<strong>O que s\u00e3o dados pessoais?<\/strong>\n<p style=\"text-align: justify;\">Quando nos referimos a dados pessoais referimo-nos a qualquer informa\u00e7\u00e3o, de qualquer natureza e independentemente do respetivo suporte, incluindo som e imagem, relativa a uma pessoa singular identificada ou identific\u00e1vel.<\/p>\n\u00c9 considerada identific\u00e1vel a pessoa que possa ser identificada direta ou indiretamente, designadamente por refer\u00eancia a um n\u00famero de identifica\u00e7\u00e3o ou a um ou mais elementos espec\u00edficos da sua identidade f\u00edsica, fisiol\u00f3gica, ps\u00edquica, econ\u00f3mica, cultural ou social.\n\n<strong>Quem \u00e9 o respons\u00e1vel pelo tratamento de dados?<\/strong>\n<p style=\"text-align: justify;\">A dartedesign.online, que se situa na Rua Fern\u00e3o Lopes, 225, 4\u00ba Andar, Bairo Sommershield Maputo, assumir\u00e1 o controlo e a responsabilidade pelas informa\u00e7\u00f5es pessoais que forne\u00e7a neste site, sendo a entidade respons\u00e1vel pela recolha, armazenamento, processamento e tratamento de tais informa\u00e7\u00f5es pessoais.<\/p>\n<strong>Quais s\u00e3o as informa\u00e7\u00f5es que recolhemos e como o fazemos?<\/strong>\n\nAs informa\u00e7\u00f5es que recolhemos atrav\u00e9s deste site podem incluir:\n<p style=\"text-align: justify;\">&#8211; Todas as informa\u00e7\u00f5es pessoais que digitar e enviar, como nome e endere\u00e7o de e-mail. Apenas recolhemos informa\u00e7\u00f5es que precisamos.<\/p>\n<p style=\"text-align: justify;\">&#8211; Os dados que nos permitem reconhec\u00ea-lo, as suas prefer\u00eancias e como usa este site. Isso evita que reinsira as informa\u00e7\u00f5es novamente quando retornar ao site. Estes dados s\u00e3o recolhidos pelos cookies durante a sua navega\u00e7\u00e3o pelo site.<\/p>\n<p style=\"text-align: justify;\">&#8211; Podemos utilizar os endere\u00e7os IP (Protocolo de Internet) para analisar tend\u00eancias, administrar o nosso Site, rastrear padr\u00f5es de tr\u00e1fego e reunir informa\u00e7\u00e3o demogr\u00e1fica para utiliza\u00e7\u00e3o agregada. Salvo se previsto de outra forma nesta Pol\u00edtica de Privacidade, n\u00e3o utilizaremos endere\u00e7os IP em combina\u00e7\u00e3o com as suas informa\u00e7\u00f5es pessoalmente identific\u00e1veis sem o seu consentimento pr\u00e9vio.<\/p>\n<strong>Seguran\u00e7a da Informa\u00e7\u00e3o<\/strong>\n<p style=\"text-align: justify;\">Todos os servidores t\u00eam monitoriza\u00e7\u00e3o permanente, para prevenir eventuais cat\u00e1strofes ou acontecimento disruptivos.<\/p>\n<p style=\"text-align: justify;\">A d\u2019arte design \u00e9 respons\u00e1vel por todos os dados mantidos, e \u00e9 da nossa obriga\u00e7\u00e3o comunicar ao cliente e \u00e0 entidade de regulamenta\u00e7\u00e3o qualquer fraude, ou problema com os dados pessoais.<\/p>\n<p style=\"text-align: justify;\">Se pretender ser removido da nossa base de dados, poder\u00e1 notificar-nos, a todo o tempo o utilizador tem o direito de solicitar a rectifica\u00e7\u00e3o ou altera\u00e7\u00e3o das informa\u00e7\u00f5es pessoais que lhe digam respeito, bem como o direito de exigir a sua elimina\u00e7\u00e3o, com excep\u00e7\u00e3o dos casos previstos na lei ou se a sua conserva\u00e7\u00e3o for necess\u00e1ria para fins legais, mediante o envio de um e-mail para\u00a0info@dartedesign.online<\/p>\nO site dartedesign.online\u00a0conservar\u00e1 os seus dados pessoais por um\u00a0 per\u00edodo m\u00e1ximo de 1 ano de forma a existirem evid\u00eancias de eventuais problemas no sistema.\n<p style=\"text-align: justify;\">Todas as paragens de servi\u00e7o que sejam motivadas por quest\u00f5es t\u00e9cnicas previstas para o correto funcionamento do servi\u00e7o, ou para melhoramento do mesmo, ser\u00e3o comunicadas ao cliente sempre que poss\u00edvel.<\/p>\n<strong>Terceiros<\/strong>\n<p style=\"text-align: justify;\">A d\u2019arte design pode ceder os dados a terceiros para executarem tarefas em nosso nome, relacionadas com as finalidades estabelecidas nesta Pol\u00edtica de Privacidade, tais terceiros podem beneficiar do acesso aos seus dados pessoais necess\u00e1rios para executar as suas tarefas, mas n\u00e3o podem utilizar esta informa\u00e7\u00e3o para outras finalidades. O utilizador ser\u00e1 sempre notificado.<\/p>\n<strong>Notifica\u00e7\u00e3o de altera\u00e7\u00f5es<\/strong>\n<p style=\"text-align: justify;\">A dartedesign.online\u00a0poder\u00e1 rever regularmente esta Pol\u00edtica de Privacidade, sem necessidade de qualquer comunica\u00e7\u00e3o pr\u00e9via ou posterior. Se decidirmos alterar a nossa Pol\u00edtica de Privacidade, anunciaremos aqui a pol\u00edtica revista. Sugerimos, portanto, que consulte peri\u00f3dica e regularmente esta Pol\u00edtica de Privacidade.<\/p>\n<strong>Pol\u00edtica de Cookies<\/strong>\n<p style=\"text-align: justify;\"><strong>\n<\/strong>Um\u00a0<em>cookie<\/em>\u00a0\u00e9 um ficheiro que regista informa\u00e7\u00f5es relativas \u00e0 navega\u00e7\u00e3o a dartedesign.online\u00a0utiliza cookies que permitem melhorar o desempenho e a experi\u00eancia de navega\u00e7\u00e3o do utilizador, entre eles os\u00a0<em>cookies<\/em>\u00a0necess\u00e1rios, os\u00a0<em>cookies<\/em>\u00a0anal\u00edticos, os\u00a0<em>cookies<\/em>\u00a0de funcionalidade, os\u00a0<em>cookies<\/em>\u00a0de terceiros e os\u00a0<em>cookies<\/em>\u00a0de publicidade. Utiliza tamb\u00e9m\u00a0<em>cookies<\/em>\u00a0para efeitos de\u00a0<em>marketing<\/em>\u00a0como o Google Analytics. Qualquer\u00a0<em>browser<\/em>\u00a0permite ao utilizador aceitar, recusar ou apagar\u00a0<em>cookies<\/em>, atrav\u00e9s das defini\u00e7\u00f5es do pr\u00f3prio navegador. Caso opte por desativar os\u00a0<em>cookies<\/em>, alguns servi\u00e7os do nosso site ir\u00e3o deixar de funcionar, afetando assim a sua experi\u00eancia de navega\u00e7\u00e3o.<\/p>\t\t\t\t\t\t\t\t<\/div>\n\t\t\t\t<\/div>\n\t\t\t\t\t<\/div>\n\t\t<\/div>\n\t\t\t\t\t<\/div>\n\t\t<\/section>\n\t\t\t\t<\/div>\n\t\t","protected":false},"excerpt":{"rendered":"<p>Como protegemos os seus dados pessoais? Aplicamos v\u00e1rias medidas de seguran\u00e7a da informa\u00e7\u00e3o para proteger online e offline a seguran\u00e7a das suas informa\u00e7\u00f5es pessoais. Deve ter em aten\u00e7\u00e3o que as suas informa\u00e7\u00f5es pessoais s\u00e3o recolhidas numa rede p\u00fablica e, consequentemente, podem ser vistas e utilizadas por terceiros n\u00e3o autorizados. O site www.dartedesign.online assegura que a sua informa\u00e7\u00e3o est\u00e1 segura utilizando as mais avan\u00e7adas t\u00e9cnicas de controlo e acesso ao servidor. Se houver informa\u00e7\u00e3o muito sens\u00edvel como por exemplo o n\u00famero de um cart\u00e3o de cr\u00e9dito, esse s\u00f3 deve ser usado com um servidor seguro usando o protocolo Secure Socket Layer (SSL), nunca de outra forma. O que s\u00e3o dados pessoais? Quando nos referimos a dados pessoais referimo-nos a qualquer informa\u00e7\u00e3o, de qualquer natureza e independentemente do respetivo suporte, incluindo som e imagem, relativa a uma pessoa singular identificada ou identific\u00e1vel. \u00c9 considerada identific\u00e1vel a pessoa que possa ser identificada direta ou indiretamente, designadamente por refer\u00eancia a um n\u00famero de identifica\u00e7\u00e3o ou a um ou mais elementos espec\u00edficos da sua identidade f\u00edsica, fisiol\u00f3gica, ps\u00edquica, econ\u00f3mica, cultural ou social. Quem \u00e9 o respons\u00e1vel pelo tratamento de dados? A dartedesign.online, que se situa na Rua Fern\u00e3o Lopes, 225, 4\u00ba Andar, Bairo Sommershield Maputo, assumir\u00e1 o controlo e a responsabilidade pelas informa\u00e7\u00f5es pessoais que forne\u00e7a neste site, sendo a entidade respons\u00e1vel pela recolha, armazenamento, processamento e tratamento de tais informa\u00e7\u00f5es pessoais. Quais s\u00e3o as informa\u00e7\u00f5es que recolhemos e como o fazemos? As informa\u00e7\u00f5es que recolhemos atrav\u00e9s deste site podem incluir: &#8211; Todas as informa\u00e7\u00f5es pessoais que digitar e enviar, como nome e endere\u00e7o de e-mail. Apenas recolhemos informa\u00e7\u00f5es que precisamos. &#8211; Os dados que nos permitem reconhec\u00ea-lo, as suas prefer\u00eancias e como usa este site. Isso evita que reinsira as informa\u00e7\u00f5es novamente quando retornar ao site. Estes dados s\u00e3o recolhidos pelos cookies durante a sua navega\u00e7\u00e3o pelo site. &#8211; Podemos utilizar os endere\u00e7os IP (Protocolo de Internet) para analisar tend\u00eancias, administrar o nosso Site, rastrear padr\u00f5es de tr\u00e1fego e reunir informa\u00e7\u00e3o demogr\u00e1fica para utiliza\u00e7\u00e3o agregada. Salvo se previsto de outra forma nesta Pol\u00edtica de Privacidade, n\u00e3o utilizaremos endere\u00e7os IP em combina\u00e7\u00e3o com as suas informa\u00e7\u00f5es pessoalmente identific\u00e1veis sem o seu consentimento pr\u00e9vio. Seguran\u00e7a da Informa\u00e7\u00e3o Todos os servidores t\u00eam monitoriza\u00e7\u00e3o permanente, para prevenir eventuais cat\u00e1strofes ou acontecimento disruptivos. A d\u2019arte design \u00e9 respons\u00e1vel por todos os dados mantidos, e \u00e9 da nossa obriga\u00e7\u00e3o comunicar ao cliente e \u00e0 entidade de regulamenta\u00e7\u00e3o qualquer fraude, ou problema com os dados pessoais. Se pretender ser removido da nossa base de dados, poder\u00e1 notificar-nos, a todo o tempo o utilizador tem o direito de solicitar a rectifica\u00e7\u00e3o ou altera\u00e7\u00e3o das informa\u00e7\u00f5es pessoais que lhe digam respeito, bem como o direito de exigir a sua elimina\u00e7\u00e3o, com excep\u00e7\u00e3o dos casos previstos na lei ou se a sua conserva\u00e7\u00e3o for necess\u00e1ria para fins legais, mediante o envio de um e-mail para info@dartedesign.online O site dartedesign.online conservar\u00e1 os seus dados pessoais por um per\u00edodo m\u00e1ximo de 1 ano de forma a existirem evid\u00eancias de eventuais problemas no sistema. Todas as paragens de servi\u00e7o que sejam motivadas por quest\u00f5es t\u00e9cnicas previstas para o correto funcionamento do servi\u00e7o, ou para melhoramento do mesmo, ser\u00e3o comunicadas ao cliente sempre que poss\u00edvel. Terceiros A d\u2019arte design pode ceder os dados a terceiros para executarem tarefas em nosso nome, relacionadas com as finalidades estabelecidas nesta Pol\u00edtica de Privacidade, tais terceiros podem beneficiar do acesso aos seus dados pessoais necess\u00e1rios para executar as suas tarefas, mas n\u00e3o podem utilizar esta informa\u00e7\u00e3o para outras finalidades. O utilizador ser\u00e1 sempre notificado. Notifica\u00e7\u00e3o de altera\u00e7\u00f5es A dartedesign.online poder\u00e1 rever regularmente esta Pol\u00edtica de Privacidade, sem necessidade de qualquer comunica\u00e7\u00e3o pr\u00e9via ou posterior. Se decidirmos alterar a nossa Pol\u00edtica de Privacidade, anunciaremos aqui a pol\u00edtica revista. Sugerimos, portanto, que consulte peri\u00f3dica e regularmente esta Pol\u00edtica de Privacidade. Pol\u00edtica de Cookies Um cookie \u00e9 um ficheiro que regista informa\u00e7\u00f5es relativas \u00e0 navega\u00e7\u00e3o a dartedesign.online utiliza cookies que permitem melhorar o desempenho e a experi\u00eancia de navega\u00e7\u00e3o do utilizador, entre eles os cookies necess\u00e1rios, os cookies anal\u00edticos, os cookies de funcionalidade, os cookies de terceiros e os cookies de publicidade. Utiliza tamb\u00e9m cookies para efeitos de marketing como o Google Analytics. Qualquer browser permite ao utilizador aceitar, recusar ou apagar cookies, atrav\u00e9s das defini\u00e7\u00f5es do pr\u00f3prio navegador. Caso opte por desativar os cookies, alguns servi\u00e7os do nosso site ir\u00e3o deixar de funcionar, afetando assim a sua experi\u00eancia de navega\u00e7\u00e3o.<\/p>\n","protected":false},"author":1,"featured_media":0,"parent":0,"menu_order":0,"comment_status":"closed","ping_status":"open","template":"page-templates\/template-shop.php","meta":{"_monsterinsights_skip_tracking":false,"_monsterinsights_sitenote_active":false,"_monsterinsights_sitenote_note":"","_monsterinsights_sitenote_category":0,"footnotes":""},"class_list":["post-3","page","type-page","status-publish","hentry"],"_links":{"self":[{"href":"https:\/\/dartedesign.online\/eng\/wp-json\/wp\/v2\/pages\/3","targetHints":{"allow":["GET"]}}],"collection":[{"href":"https:\/\/dartedesign.online\/eng\/wp-json\/wp\/v2\/pages"}],"about":[{"href":"https:\/\/dartedesign.online\/eng\/wp-json\/wp\/v2\/types\/page"}],"author":[{"embeddable":true,"href":"https:\/\/dartedesign.online\/eng\/wp-json\/wp\/v2\/users\/1"}],"replies":[{"embeddable":true,"href":"https:\/\/dartedesign.online\/eng\/wp-json\/wp\/v2\/comments?post=3"}],"version-history":[{"count":14,"href":"https:\/\/dartedesign.online\/eng\/wp-json\/wp\/v2\/pages\/3\/revisions"}],"predecessor-version":[{"id":6159,"href":"https:\/\/dartedesign.online\/eng\/wp-json\/wp\/v2\/pages\/3\/revisions\/6159"}],"wp:attachment":[{"href":"https:\/\/dartedesign.online\/eng\/wp-json\/wp\/v2\/media?parent=3"}],"curies":[{"name":"wp","href":"https:\/\/api.w.org\/{rel}","templated":true}]}}